{"id":2353,"date":"2024-10-31T15:58:48","date_gmt":"2024-10-31T14:58:48","guid":{"rendered":"https:\/\/www.atelierterracotta.fr\/?page_id=2353"},"modified":"2024-10-31T16:10:42","modified_gmt":"2024-10-31T15:10:42","slug":"mes-prestations","status":"publish","type":"page","link":"https:\/\/www.atelierterracotta.fr\/?page_id=2353","title":{"rendered":"Mes prestations"},"content":{"rendered":"\t\t<div data-elementor-type=\"wp-page\" data-elementor-id=\"2353\" class=\"elementor elementor-2353\" data-elementor-post-type=\"page\">\n\t\t\t\t<div class=\"elementor-element elementor-element-0fb3283 e-flex e-con-boxed e-con e-parent\" data-id=\"0fb3283\" data-element_type=\"container\">\n\t\t\t\t\t<div class=\"e-con-inner\">\n\t\t<div class=\"elementor-element elementor-element-9f118a1 e-con-full e-flex e-con e-child\" data-id=\"9f118a1\" data-element_type=\"container\">\n\t\t\t\t<div class=\"elementor-element elementor-element-cfbf5cb elementor-widget elementor-widget-heading\" data-id=\"cfbf5cb\" data-element_type=\"widget\" data-widget_type=\"heading.default\">\n\t\t\t\t<div class=\"elementor-widget-container\">\n\t\t\t\t\t<h2 class=\"elementor-heading-title elementor-size-default\">Et si... <br>\nVous pouviez disposez d'un partenaire de confiance pour piloter vos projets de strat\u00e9gie de marque, communication visuelle et marketing op\u00e9rationnel ?<\/h2>\t\t\t\t<\/div>\n\t\t\t\t<\/div>\n\t\t\t\t<div class=\"elementor-element elementor-element-2308e39 elementor-widget elementor-widget-text-editor\" data-id=\"2308e39\" data-element_type=\"widget\" data-widget_type=\"text-editor.default\">\n\t\t\t\t<div class=\"elementor-widget-container\">\n\t\t\t\t\t\t\t\t\t<p>Je me positionne en Ma\u00eetre d&rsquo;\u0153uvre\u00a0<span style=\"font-family: Outfit, sans-serif; font-size: 18px; font-style: normal; font-variant-ligatures: normal; font-variant-caps: normal; font-weight: 400; text-align: var(--text-align);\">pour poser les fondations d\u2019une strat\u00e9gie de marque solide, \u00e9quiper votre identit\u00e9 visuelle et \/ ou assurer le d\u00e9collage de vos campagnes marketing.<\/span><\/p><p><span style=\"font-family: Outfit, sans-serif; font-size: 18px; font-style: normal; font-variant-ligatures: normal; font-variant-caps: normal; font-weight: 400; text-align: var(--text-align);\">Mes offres sont con\u00e7ues pour vous accompagner avec souplesse et expertise, chacune ayant \u00e9t\u00e9 pens\u00e9e pour r\u00e9pondre pr\u00e9cis\u00e9ment \u00e0 vos besoins, que vous soyez en phase de lancement ou en pleine croissance.\u00a0<\/span><\/p>\t\t\t\t\t\t\t\t<\/div>\n\t\t\t\t<\/div>\n\t\t\t\t<div class=\"elementor-element elementor-element-42324fc elementor-widget elementor-widget-heading\" data-id=\"42324fc\" data-element_type=\"widget\" data-widget_type=\"heading.default\">\n\t\t\t\t<div class=\"elementor-widget-container\">\n\t\t\t\t\t<h2 class=\"elementor-heading-title elementor-size-default\"><b>Je vous propose boussole, paquetage et d\u00e9collage, <br>pour faire savoir vos savoir-faire !<\/b><\/h2>\t\t\t\t<\/div>\n\t\t\t\t<\/div>\n\t\t\t\t<\/div>\n\t\t\t\t\t<\/div>\n\t\t\t\t<\/div>\n\t\t<div class=\"elementor-element elementor-element-b34a1ff e-flex e-con-boxed e-con e-parent\" data-id=\"b34a1ff\" data-element_type=\"container\">\n\t\t\t\t\t<div class=\"e-con-inner\">\n\t\t\t\t<div class=\"elementor-element elementor-element-3f96b57 elementor-widget elementor-widget-spacer\" data-id=\"3f96b57\" data-element_type=\"widget\" data-widget_type=\"spacer.default\">\n\t\t\t\t<div class=\"elementor-widget-container\">\n\t\t\t\t\t\t\t<div class=\"elementor-spacer\">\n\t\t\t<div class=\"elementor-spacer-inner\"><\/div>\n\t\t<\/div>\n\t\t\t\t\t\t<\/div>\n\t\t\t\t<\/div>\n\t\t\t\t\t<\/div>\n\t\t\t\t<\/div>\n\t\t<div class=\"elementor-element elementor-element-81cfe9f e-flex e-con-boxed e-con e-parent\" data-id=\"81cfe9f\" data-element_type=\"container\">\n\t\t\t\t\t<div class=\"e-con-inner\">\n\t\t<div class=\"elementor-element elementor-element-b5f46ec e-con-full e-flex e-con e-child\" data-id=\"b5f46ec\" data-element_type=\"container\">\n\t\t\t\t<div class=\"elementor-element elementor-element-284ea3c elementor-widget elementor-widget-image\" data-id=\"284ea3c\" data-element_type=\"widget\" data-widget_type=\"image.default\">\n\t\t\t\t<div class=\"elementor-widget-container\">\n\t\t\t\t\t\t\t\t\t\t\t\t\t\t\t<img fetchpriority=\"high\" decoding=\"async\" width=\"600\" height=\"300\" src=\"https:\/\/i0.wp.com\/www.atelierterracotta.fr\/wp-content\/uploads\/2024\/10\/Crea_boussole_accueil_terracotta_communication_strategie_marketing_savoirfaire_vdef-1.webp?fit=600%2C300&amp;ssl=1\" class=\"attachment-full size-full wp-image-304\" alt=\"\" srcset=\"https:\/\/i0.wp.com\/www.atelierterracotta.fr\/wp-content\/uploads\/2024\/10\/Crea_boussole_accueil_terracotta_communication_strategie_marketing_savoirfaire_vdef-1.webp?w=600&amp;ssl=1 600w, https:\/\/i0.wp.com\/www.atelierterracotta.fr\/wp-content\/uploads\/2024\/10\/Crea_boussole_accueil_terracotta_communication_strategie_marketing_savoirfaire_vdef-1.webp?resize=300%2C150&amp;ssl=1 300w\" sizes=\"(max-width: 600px) 100vw, 600px\" \/>\t\t\t\t\t\t\t\t\t\t\t\t\t\t\t<\/div>\n\t\t\t\t<\/div>\n\t\t\t\t<div class=\"elementor-element elementor-element-b2a9f71 elementor-widget elementor-widget-heading\" data-id=\"b2a9f71\" data-element_type=\"widget\" data-widget_type=\"heading.default\">\n\t\t\t\t<div class=\"elementor-widget-container\">\n\t\t\t\t\t<h2 class=\"elementor-heading-title elementor-size-default\">Posez le cap avec des fondations claires.<\/h2>\t\t\t\t<\/div>\n\t\t\t\t<\/div>\n\t\t\t\t<div class=\"elementor-element elementor-element-a163dec elementor-align-center elementor-widget elementor-widget-button\" data-id=\"a163dec\" data-element_type=\"widget\" data-widget_type=\"button.default\">\n\t\t\t\t<div class=\"elementor-widget-container\">\n\t\t\t\t\t\t\t\t\t<div class=\"elementor-button-wrapper\">\n\t\t\t\t\t<a class=\"elementor-button elementor-button-link elementor-size-sm\" href=\"https:\/\/www.atelierterracotta.fr\/?page_id=749\">\n\t\t\t\t\t\t<span class=\"elementor-button-content-wrapper\">\n\t\t\t\t\t\t\t\t\t<span class=\"elementor-button-text\">Je veux fixer mon cap !<\/span>\n\t\t\t\t\t<\/span>\n\t\t\t\t\t<\/a>\n\t\t\t\t<\/div>\n\t\t\t\t\t\t\t\t<\/div>\n\t\t\t\t<\/div>\n\t\t\t\t<\/div>\n\t\t<div class=\"elementor-element elementor-element-f3c0bab e-con-full e-flex e-con e-child\" data-id=\"f3c0bab\" data-element_type=\"container\">\n\t\t\t\t<div class=\"elementor-element elementor-element-3f5070a elementor-widget elementor-widget-image\" data-id=\"3f5070a\" data-element_type=\"widget\" data-widget_type=\"image.default\">\n\t\t\t\t<div class=\"elementor-widget-container\">\n\t\t\t\t\t\t\t\t\t\t\t\t\t\t\t<img decoding=\"async\" width=\"600\" height=\"300\" src=\"https:\/\/i0.wp.com\/www.atelierterracotta.fr\/wp-content\/uploads\/2024\/10\/Crea_paquetage_accueil_terracotta_communication_strategie_marketing_savoirfaire_vdef-4.webp?fit=600%2C300&amp;ssl=1\" class=\"attachment-full size-full wp-image-305\" alt=\"Crea_paquetage_accueil_terracotta_communication_strategie_marketing_savoirfaire_vdef\" srcset=\"https:\/\/i0.wp.com\/www.atelierterracotta.fr\/wp-content\/uploads\/2024\/10\/Crea_paquetage_accueil_terracotta_communication_strategie_marketing_savoirfaire_vdef-4.webp?w=600&amp;ssl=1 600w, https:\/\/i0.wp.com\/www.atelierterracotta.fr\/wp-content\/uploads\/2024\/10\/Crea_paquetage_accueil_terracotta_communication_strategie_marketing_savoirfaire_vdef-4.webp?resize=300%2C150&amp;ssl=1 300w\" sizes=\"(max-width: 600px) 100vw, 600px\" \/>\t\t\t\t\t\t\t\t\t\t\t\t\t\t\t<\/div>\n\t\t\t\t<\/div>\n\t\t\t\t<div class=\"elementor-element elementor-element-bd0dccb elementor-widget elementor-widget-heading\" data-id=\"bd0dccb\" data-element_type=\"widget\" data-widget_type=\"heading.default\">\n\t\t\t\t<div class=\"elementor-widget-container\">\n\t\t\t\t\t<h2 class=\"elementor-heading-title elementor-size-default\">Une image forte et coh\u00e9rente pour gravir les sommets.<\/h2>\t\t\t\t<\/div>\n\t\t\t\t<\/div>\n\t\t\t\t<div class=\"elementor-element elementor-element-3317e6e elementor-align-center elementor-widget elementor-widget-button\" data-id=\"3317e6e\" data-element_type=\"widget\" data-widget_type=\"button.default\">\n\t\t\t\t<div class=\"elementor-widget-container\">\n\t\t\t\t\t\t\t\t\t<div class=\"elementor-button-wrapper\">\n\t\t\t\t\t<a class=\"elementor-button elementor-button-link elementor-size-sm\" href=\"https:\/\/www.atelierterracotta.fr\/?page_id=1012\">\n\t\t\t\t\t\t<span class=\"elementor-button-content-wrapper\">\n\t\t\t\t\t\t\t\t\t<span class=\"elementor-button-text\">Je veux m'\u00e9quiper !<\/span>\n\t\t\t\t\t<\/span>\n\t\t\t\t\t<\/a>\n\t\t\t\t<\/div>\n\t\t\t\t\t\t\t\t<\/div>\n\t\t\t\t<\/div>\n\t\t\t\t<\/div>\n\t\t<div class=\"elementor-element elementor-element-cbb08b3 e-con-full e-flex e-con e-child\" data-id=\"cbb08b3\" data-element_type=\"container\">\n\t\t\t\t<div class=\"elementor-element elementor-element-fde5d7e elementor-widget elementor-widget-image\" data-id=\"fde5d7e\" data-element_type=\"widget\" data-widget_type=\"image.default\">\n\t\t\t\t<div class=\"elementor-widget-container\">\n\t\t\t\t\t\t\t\t\t\t\t\t\t\t\t<img decoding=\"async\" width=\"600\" height=\"300\" src=\"https:\/\/i0.wp.com\/www.atelierterracotta.fr\/wp-content\/uploads\/2024\/10\/Crea_decollage_accueil_terracotta_communication_strategie_marketing_savoirfaire_vdef.webp?fit=600%2C300&amp;ssl=1\" class=\"attachment-large size-large wp-image-306\" alt=\"\" srcset=\"https:\/\/i0.wp.com\/www.atelierterracotta.fr\/wp-content\/uploads\/2024\/10\/Crea_decollage_accueil_terracotta_communication_strategie_marketing_savoirfaire_vdef.webp?w=600&amp;ssl=1 600w, https:\/\/i0.wp.com\/www.atelierterracotta.fr\/wp-content\/uploads\/2024\/10\/Crea_decollage_accueil_terracotta_communication_strategie_marketing_savoirfaire_vdef.webp?resize=300%2C150&amp;ssl=1 300w\" sizes=\"(max-width: 600px) 100vw, 600px\" \/>\t\t\t\t\t\t\t\t\t\t\t\t\t\t\t<\/div>\n\t\t\t\t<\/div>\n\t\t\t\t<div class=\"elementor-element elementor-element-a863a3b elementor-widget elementor-widget-heading\" data-id=\"a863a3b\" data-element_type=\"widget\" data-widget_type=\"heading.default\">\n\t\t\t\t<div class=\"elementor-widget-container\">\n\t\t\t\t\t<h2 class=\"elementor-heading-title elementor-size-default\">Prenez de l\u2019\u00e9lan avec vos actions marketing.<\/h2>\t\t\t\t<\/div>\n\t\t\t\t<\/div>\n\t\t\t\t<div class=\"elementor-element elementor-element-1126257 elementor-align-center elementor-widget elementor-widget-button\" data-id=\"1126257\" data-element_type=\"widget\" data-widget_type=\"button.default\">\n\t\t\t\t<div class=\"elementor-widget-container\">\n\t\t\t\t\t\t\t\t\t<div class=\"elementor-button-wrapper\">\n\t\t\t\t\t<a class=\"elementor-button elementor-button-link elementor-size-sm\" href=\"https:\/\/www.atelierterracotta.fr\/?page_id=1550\">\n\t\t\t\t\t\t<span class=\"elementor-button-content-wrapper\">\n\t\t\t\t\t\t\t\t\t<span class=\"elementor-button-text\">Je d\u00e9croche les \u00e9toiles !<\/span>\n\t\t\t\t\t<\/span>\n\t\t\t\t\t<\/a>\n\t\t\t\t<\/div>\n\t\t\t\t\t\t\t\t<\/div>\n\t\t\t\t<\/div>\n\t\t\t\t<\/div>\n\t\t<div class=\"elementor-element elementor-element-186fa6a e-con-full e-flex e-con e-child\" data-id=\"186fa6a\" data-element_type=\"container\">\n\t\t\t\t<div class=\"elementor-element elementor-element-66a9a1a elementor-widget elementor-widget-image\" data-id=\"66a9a1a\" data-element_type=\"widget\" data-widget_type=\"image.default\">\n\t\t\t\t<div class=\"elementor-widget-container\">\n\t\t\t\t\t\t\t\t\t\t\t\t\t\t\t<img loading=\"lazy\" decoding=\"async\" width=\"600\" height=\"300\" src=\"https:\/\/i0.wp.com\/www.atelierterracotta.fr\/wp-content\/uploads\/2024\/10\/baniere-1920-1080-com-a-lacarte.png?fit=600%2C300&amp;ssl=1\" class=\"attachment-large size-large wp-image-2355\" alt=\"\" srcset=\"https:\/\/i0.wp.com\/www.atelierterracotta.fr\/wp-content\/uploads\/2024\/10\/baniere-1920-1080-com-a-lacarte.png?w=600&amp;ssl=1 600w, https:\/\/i0.wp.com\/www.atelierterracotta.fr\/wp-content\/uploads\/2024\/10\/baniere-1920-1080-com-a-lacarte.png?resize=300%2C150&amp;ssl=1 300w\" sizes=\"(max-width: 600px) 100vw, 600px\" \/>\t\t\t\t\t\t\t\t\t\t\t\t\t\t\t<\/div>\n\t\t\t\t<\/div>\n\t\t\t\t<div class=\"elementor-element elementor-element-4234cd3 elementor-widget elementor-widget-heading\" data-id=\"4234cd3\" data-element_type=\"widget\" data-widget_type=\"heading.default\">\n\t\t\t\t<div class=\"elementor-widget-container\">\n\t\t\t\t\t<h2 class=\"elementor-heading-title elementor-size-default\">Pour un accompagnement personnalis\u00e9.<\/h2>\t\t\t\t<\/div>\n\t\t\t\t<\/div>\n\t\t\t\t<div class=\"elementor-element elementor-element-93ab8a0 elementor-align-center elementor-widget elementor-widget-button\" data-id=\"93ab8a0\" data-element_type=\"widget\" data-widget_type=\"button.default\">\n\t\t\t\t<div class=\"elementor-widget-container\">\n\t\t\t\t\t\t\t\t\t<div class=\"elementor-button-wrapper\">\n\t\t\t\t\t<a class=\"elementor-button elementor-button-link elementor-size-sm\" href=\"https:\/\/www.atelierterracotta.fr\/?page_id=1506\">\n\t\t\t\t\t\t<span class=\"elementor-button-content-wrapper\">\n\t\t\t\t\t\t\t\t\t<span class=\"elementor-button-text\">Offres sur-mesure<\/span>\n\t\t\t\t\t<\/span>\n\t\t\t\t\t<\/a>\n\t\t\t\t<\/div>\n\t\t\t\t\t\t\t\t<\/div>\n\t\t\t\t<\/div>\n\t\t\t\t<\/div>\n\t\t\t\t\t<\/div>\n\t\t\t\t<\/div>\n\t\t<div class=\"elementor-element elementor-element-8300383 e-flex e-con-boxed e-con e-parent\" data-id=\"8300383\" data-element_type=\"container\">\n\t\t\t\t\t<div class=\"e-con-inner\">\n\t\t\t\t<div class=\"elementor-element elementor-element-4b4b44a elementor-widget elementor-widget-spacer\" data-id=\"4b4b44a\" data-element_type=\"widget\" data-widget_type=\"spacer.default\">\n\t\t\t\t<div class=\"elementor-widget-container\">\n\t\t\t\t\t\t\t<div class=\"elementor-spacer\">\n\t\t\t<div class=\"elementor-spacer-inner\"><\/div>\n\t\t<\/div>\n\t\t\t\t\t\t<\/div>\n\t\t\t\t<\/div>\n\t\t\t\t\t<\/div>\n\t\t\t\t<\/div>\n\t\t<div class=\"elementor-element elementor-element-021be1d e-flex e-con-boxed e-con e-parent\" data-id=\"021be1d\" data-element_type=\"container\">\n\t\t\t\t\t<div class=\"e-con-inner\">\n\t\t\t\t<div class=\"elementor-element elementor-element-35fc391 elementor-widget elementor-widget-spacer\" data-id=\"35fc391\" data-element_type=\"widget\" data-widget_type=\"spacer.default\">\n\t\t\t\t<div class=\"elementor-widget-container\">\n\t\t\t\t\t\t\t<div class=\"elementor-spacer\">\n\t\t\t<div class=\"elementor-spacer-inner\"><\/div>\n\t\t<\/div>\n\t\t\t\t\t\t<\/div>\n\t\t\t\t<\/div>\n\t\t\t\t\t<\/div>\n\t\t\t\t<\/div>\n\t\t<div class=\"elementor-element elementor-element-3b233ce e-flex e-con-boxed e-con e-parent\" data-id=\"3b233ce\" data-element_type=\"container\">\n\t\t\t\t\t<div class=\"e-con-inner\">\n\t\t\t\t<div class=\"elementor-element elementor-element-c018fa7 elementor-widget elementor-widget-heading\" data-id=\"c018fa7\" data-element_type=\"widget\" data-widget_type=\"heading.default\">\n\t\t\t\t<div class=\"elementor-widget-container\">\n\t\t\t\t\t<h2 class=\"elementor-heading-title elementor-size-default\">D\u00e9l\u00e9guez et consacrez vous \u00e0 votre m\u00e9tier, <br>je me charge du reste !<\/h2>\t\t\t\t<\/div>\n\t\t\t\t<\/div>\n\t\t\t\t<div class=\"elementor-element elementor-element-dfecc9a elementor-widget elementor-widget-text-editor\" data-id=\"dfecc9a\" data-element_type=\"widget\" data-widget_type=\"text-editor.default\">\n\t\t\t\t<div class=\"elementor-widget-container\">\n\t\t\t\t\t\t\t\t\t<p>Vous avez un projet, vous vous lancez \u00e0 peine, vous naviguez \u00e0 vue depuis longtemps ?<br>La mer est agit\u00e9e, ou vous sentez juste d\u00e9bord\u00e9s ? <br>Ne vous limitez plus !<\/p>\t\t\t\t\t\t\t\t<\/div>\n\t\t\t\t<\/div>\n\t\t\t\t<div class=\"elementor-element elementor-element-1be4838 elementor-widget elementor-widget-heading\" data-id=\"1be4838\" data-element_type=\"widget\" data-widget_type=\"heading.default\">\n\t\t\t\t<div class=\"elementor-widget-container\">\n\t\t\t\t\t<h2 class=\"elementor-heading-title elementor-size-default\">Embarquez avec moi !<\/h2>\t\t\t\t<\/div>\n\t\t\t\t<\/div>\n\t\t\t\t\t<\/div>\n\t\t\t\t<\/div>\n\t\t<div class=\"elementor-element elementor-element-8eb01d1 e-con-full e-flex e-con e-parent\" data-id=\"8eb01d1\" data-element_type=\"container\" data-settings=\"{&quot;background_background&quot;:&quot;classic&quot;,&quot;shape_divider_bottom&quot;:&quot;wave-brush&quot;}\">\n\t\t\t\t<div class=\"elementor-shape elementor-shape-bottom\" data-negative=\"false\">\n\t\t\t<svg xmlns=\"http:\/\/www.w3.org\/2000\/svg\" viewBox=\"0 0 283.5 27.8\" preserveAspectRatio=\"none\">\n\t<path class=\"elementor-shape-fill\" d=\"M283.5,9.7c0,0-7.3,4.3-14,4.6c-6.8,0.3-12.6,0-20.9-1.5c-11.3-2-33.1-10.1-44.7-5.7\ts-12.1,4.6-18,7.4c-6.6,3.2-20,9.6-36.6,9.3C131.6,23.5,99.5,7.2,86.3,8c-1.4,0.1-6.6,0.8-10.5,2c-3.8,1.2-9.4,3.8-17,4.7\tc-3.2,0.4-8.3,1.1-14.2,0.9c-1.5-0.1-6.3-0.4-12-1.6c-5.7-1.2-11-3.1-15.8-3.7C6.5,9.2,0,10.8,0,10.8V0h283.5V9.7z M260.8,11.3\tc-0.7-1-2-0.4-4.3-0.4c-2.3,0-6.1-1.2-5.8-1.1c0.3,0.1,3.1,1.5,6,1.9C259.7,12.2,261.4,12.3,260.8,11.3z M242.4,8.6\tc0,0-2.4-0.2-5.6-0.9c-3.2-0.8-10.3-2.8-15.1-3.5c-8.2-1.1-15.8,0-15.1,0.1c0.8,0.1,9.6-0.6,17.6,1.1c3.3,0.7,9.3,2.2,12.4,2.7\tC239.9,8.7,242.4,8.6,242.4,8.6z M185.2,8.5c1.7-0.7-13.3,4.7-18.5,6.1c-2.1,0.6-6.2,1.6-10,2c-3.9,0.4-8.9,0.4-8.8,0.5\tc0,0.2,5.8,0.8,11.2,0c5.4-0.8,5.2-1.1,7.6-1.6C170.5,14.7,183.5,9.2,185.2,8.5z M199.1,6.9c0.2,0-0.8-0.4-4.8,1.1\tc-4,1.5-6.7,3.5-6.9,3.7c-0.2,0.1,3.5-1.8,6.6-3C197,7.5,199,6.9,199.1,6.9z M283,6c-0.1,0.1-1.9,1.1-4.8,2.5s-6.9,2.8-6.7,2.7\tc0.2,0,3.5-0.6,7.4-2.5C282.8,6.8,283.1,5.9,283,6z M31.3,11.6c0.1-0.2-1.9-0.2-4.5-1.2s-5.4-1.6-7.8-2C15,7.6,7.3,8.5,7.7,8.6\tC8,8.7,15.9,8.3,20.2,9.3c2.2,0.5,2.4,0.5,5.7,1.6S31.2,11.9,31.3,11.6z M73,9.2c0.4-0.1,3.5-1.6,8.4-2.6c4.9-1.1,8.9-0.5,8.9-0.8\tc0-0.3-1-0.9-6.2-0.3S72.6,9.3,73,9.2z M71.6,6.7C71.8,6.8,75,5.4,77.3,5c2.3-0.3,1.9-0.5,1.9-0.6c0-0.1-1.1-0.2-2.7,0.2\tC74.8,5.1,71.4,6.6,71.6,6.7z M93.6,4.4c0.1,0.2,3.5,0.8,5.6,1.8c2.1,1,1.8,0.6,1.9,0.5c0.1-0.1-0.8-0.8-2.4-1.3\tC97.1,4.8,93.5,4.2,93.6,4.4z M65.4,11.1c-0.1,0.3,0.3,0.5,1.9-0.2s2.6-1.3,2.2-1.2s-0.9,0.4-2.5,0.8C65.3,10.9,65.5,10.8,65.4,11.1\tz M34.5,12.4c-0.2,0,2.1,0.8,3.3,0.9c1.2,0.1,2,0.1,2-0.2c0-0.3-0.1-0.5-1.6-0.4C36.6,12.8,34.7,12.4,34.5,12.4z M152.2,21.1\tc-0.1,0.1-2.4-0.3-7.5-0.3c-5,0-13.6-2.4-17.2-3.5c-3.6-1.1,10,3.9,16.5,4.1C150.5,21.6,152.3,21,152.2,21.1z\"\/>\n\t<path class=\"elementor-shape-fill\" d=\"M269.6,18c-0.1-0.1-4.6,0.3-7.2,0c-7.3-0.7-17-3.2-16.6-2.9c0.4,0.3,13.7,3.1,17,3.3\tC267.7,18.8,269.7,18,269.6,18z\"\/>\n\t<path class=\"elementor-shape-fill\" d=\"M227.4,9.8c-0.2-0.1-4.5-1-9.5-1.2c-5-0.2-12.7,0.6-12.3,0.5c0.3-0.1,5.9-1.8,13.3-1.2\tS227.6,9.9,227.4,9.8z\"\/>\n\t<path class=\"elementor-shape-fill\" d=\"M204.5,13.4c-0.1-0.1,2-1,3.2-1.1c1.2-0.1,2,0,2,0.3c0,0.3-0.1,0.5-1.6,0.4\tC206.4,12.9,204.6,13.5,204.5,13.4z\"\/>\n\t<path class=\"elementor-shape-fill\" d=\"M201,10.6c0-0.1-4.4,1.2-6.3,2.2c-1.9,0.9-6.2,3.1-6.1,3.1c0.1,0.1,4.2-1.6,6.3-2.6\tS201,10.7,201,10.6z\"\/>\n\t<path class=\"elementor-shape-fill\" d=\"M154.5,26.7c-0.1-0.1-4.6,0.3-7.2,0c-7.3-0.7-17-3.2-16.6-2.9c0.4,0.3,13.7,3.1,17,3.3\tC152.6,27.5,154.6,26.8,154.5,26.7z\"\/>\n\t<path class=\"elementor-shape-fill\" d=\"M41.9,19.3c0,0,1.2-0.3,2.9-0.1c1.7,0.2,5.8,0.9,8.2,0.7c4.2-0.4,7.4-2.7,7-2.6\tc-0.4,0-4.3,2.2-8.6,1.9c-1.8-0.1-5.1-0.5-6.7-0.4S41.9,19.3,41.9,19.3z\"\/>\n\t<path class=\"elementor-shape-fill\" d=\"M75.5,12.6c0.2,0.1,2-0.8,4.3-1.1c2.3-0.2,2.1-0.3,2.1-0.5c0-0.1-1.8-0.4-3.4,0\tC76.9,11.5,75.3,12.5,75.5,12.6z\"\/>\n\t<path class=\"elementor-shape-fill\" d=\"M15.6,13.2c0-0.1,4.3,0,6.7,0.5c2.4,0.5,5,1.9,5,2c0,0.1-2.7-0.8-5.1-1.4\tC19.9,13.7,15.7,13.3,15.6,13.2z\"\/>\n<\/svg>\t\t<\/div>\n\t\t\t\t<div class=\"elementor-element elementor-element-bc5b41d elementor-widget elementor-widget-image\" data-id=\"bc5b41d\" data-element_type=\"widget\" data-widget_type=\"image.default\">\n\t\t\t\t<div class=\"elementor-widget-container\">\n\t\t\t\t\t\t\t\t\t\t\t\t\t\t\t<img loading=\"lazy\" decoding=\"async\" width=\"614\" height=\"410\" src=\"https:\/\/i0.wp.com\/www.atelierterracotta.fr\/wp-content\/uploads\/2024\/10\/femme_agee_dab_terracotta_communication_strategie_marketing_savoirfaire_vdef.png?fit=614%2C410&amp;ssl=1\" class=\"attachment-medium_large size-medium_large wp-image-369\" alt=\"\" srcset=\"https:\/\/i0.wp.com\/www.atelierterracotta.fr\/wp-content\/uploads\/2024\/10\/femme_agee_dab_terracotta_communication_strategie_marketing_savoirfaire_vdef.png?w=614&amp;ssl=1 614w, https:\/\/i0.wp.com\/www.atelierterracotta.fr\/wp-content\/uploads\/2024\/10\/femme_agee_dab_terracotta_communication_strategie_marketing_savoirfaire_vdef.png?resize=300%2C200&amp;ssl=1 300w\" sizes=\"(max-width: 614px) 100vw, 614px\" \/>\t\t\t\t\t\t\t\t\t\t\t\t\t\t\t<\/div>\n\t\t\t\t<\/div>\n\t\t\t\t<\/div>\n\t\t\t\t<\/div>\n\t\t","protected":false},"excerpt":{"rendered":"<p>Et si&#8230; Vous pouviez disposez d&rsquo;un partenaire de confiance pour piloter vos projets de strat\u00e9gie de marque, communication visuelle et marketing op\u00e9rationnel ? Je me positionne en Ma\u00eetre d&rsquo;\u0153uvre\u00a0pour poser les fondations d\u2019une strat\u00e9gie de marque solide, \u00e9quiper votre identit\u00e9 visuelle et \/ ou assurer le d\u00e9collage de vos campagnes marketing. Mes offres sont con\u00e7ues [&hellip;]<\/p>\n","protected":false},"author":1,"featured_media":0,"parent":214,"menu_order":2,"comment_status":"closed","ping_status":"closed","template":"","meta":{"footnotes":""},"class_list":["post-2353","page","type-page","status-publish","hentry","entry"],"_links":{"self":[{"href":"https:\/\/www.atelierterracotta.fr\/index.php?rest_route=\/wp\/v2\/pages\/2353","targetHints":{"allow":["GET"]}}],"collection":[{"href":"https:\/\/www.atelierterracotta.fr\/index.php?rest_route=\/wp\/v2\/pages"}],"about":[{"href":"https:\/\/www.atelierterracotta.fr\/index.php?rest_route=\/wp\/v2\/types\/page"}],"author":[{"embeddable":true,"href":"https:\/\/www.atelierterracotta.fr\/index.php?rest_route=\/wp\/v2\/users\/1"}],"replies":[{"embeddable":true,"href":"https:\/\/www.atelierterracotta.fr\/index.php?rest_route=%2Fwp%2Fv2%2Fcomments&post=2353"}],"version-history":[{"count":4,"href":"https:\/\/www.atelierterracotta.fr\/index.php?rest_route=\/wp\/v2\/pages\/2353\/revisions"}],"predecessor-version":[{"id":2358,"href":"https:\/\/www.atelierterracotta.fr\/index.php?rest_route=\/wp\/v2\/pages\/2353\/revisions\/2358"}],"up":[{"embeddable":true,"href":"https:\/\/www.atelierterracotta.fr\/index.php?rest_route=\/wp\/v2\/pages\/214"}],"wp:attachment":[{"href":"https:\/\/www.atelierterracotta.fr\/index.php?rest_route=%2Fwp%2Fv2%2Fmedia&parent=2353"}],"curies":[{"name":"wp","href":"https:\/\/api.w.org\/{rel}","templated":true}]}}