{"id":2334,"date":"2024-10-31T13:41:27","date_gmt":"2024-10-31T12:41:27","guid":{"rendered":"https:\/\/www.atelierterracotta.fr\/?page_id=2334"},"modified":"2024-10-31T13:42:35","modified_gmt":"2024-10-31T12:42:35","slug":"politique-de-confidentialite","status":"publish","type":"page","link":"https:\/\/www.atelierterracotta.fr\/?page_id=2334","title":{"rendered":"Politique de confidentialit\u00e9"},"content":{"rendered":"\t\t<div data-elementor-type=\"wp-page\" data-elementor-id=\"2334\" class=\"elementor elementor-2334\" data-elementor-post-type=\"page\">\n\t\t\t\t<div class=\"elementor-element elementor-element-a6879cb e-flex e-con-boxed e-con e-parent\" data-id=\"a6879cb\" data-element_type=\"container\">\n\t\t\t\t\t<div class=\"e-con-inner\">\n\t\t\t\t<div class=\"elementor-element elementor-element-cffaa8d elementor-widget elementor-widget-heading\" data-id=\"cffaa8d\" data-element_type=\"widget\" data-widget_type=\"heading.default\">\n\t\t\t\t<div class=\"elementor-widget-container\">\n\t\t\t\t\t<h2 class=\"elementor-heading-title elementor-size-default\">Politique de confidentialit\u00e9 - Gestion des donn\u00e9es personnelles<\/h2>\t\t\t\t<\/div>\n\t\t\t\t<\/div>\n\t\t\t\t<div class=\"elementor-element elementor-element-043162d elementor-widget elementor-widget-text-editor\" data-id=\"043162d\" data-element_type=\"widget\" data-widget_type=\"text-editor.default\">\n\t\t\t\t<div class=\"elementor-widget-container\">\n\t\t\t\t\t\t\t\t\t<p>Le R\u00e8glement g\u00e9n\u00e9ral sur la protection des donn\u00e9es (RGPD) est une nouvelle loi de protection des donn\u00e9es europ\u00e9enne exhaustive visant \u00e0 renforcer la protection des donn\u00e9es des particuliers au sein de l\u2019Union europ\u00e9enne (UE).<\/p><p>Le terme \u00ab donn\u00e9es \u00e0 caract\u00e8re personnel \u00bb d\u00e9signe les informations personnelles qui permettent de vous identifier, directement ou indirectement et notamment vos nom, pr\u00e9nom, date de naissance, num\u00e9ro de t\u00e9l\u00e9phone, adresse, adresse email et ce, tel que vous avez accept\u00e9 de nous les communiquer.<\/p><p>Ces informations sont susceptibles d\u2019\u00eatre collect\u00e9es sur le Site Internet, lorsque vous envoyez un formulaire de contact sur le Site Internet et que vous vous abonnez \u00e0 la newsletter.<\/p><p>Les informations receuillies sont enregistr\u00e9es dans un fichier informatis\u00e9 par Laura FRANTZ, pouvant \u00eatre contact\u00e9e \u00e0 l\u2019adresse <a href=\"mailto:hello@atelierterracotta.fr\">hello@atelierterracotta.fr<\/a>pour toute demandes de renseignements.<\/p><p>La base l\u00e9gale du traitement est l\u2019int\u00e9r\u00eat l\u00e9gitime.<\/p><p>Les donn\u00e9es collect\u00e9es seront communiqu\u00e9es \u00e0 Laura FRANTZ (<a href=\"mailto:hello@atelierterracotta.fr\">hello@atelierterracotta.fr<\/a>).<\/p><p>Certaines de vos donn\u00e9es sont susceptibles d\u2019\u00eatre communiqu\u00e9es \u00e0 des sous-traitants auxquels Laura FRANTZ fait appel, par contrat, pour l\u2019ex\u00e9cution de prestations techniques ou de services n\u00e9cessaires notamment \u00e0 l\u2019am\u00e9lioration de nos prestations et services. Ces entreprises ext\u00e9rieures avec qui nous sommes contractuellement li\u00e9es s\u2019engagent contractuellement \u00e0 garantir un niveau de s\u00e9curit\u00e9 et de confidentialit\u00e9 de vos donn\u00e9es.<\/p><p>Laura FRANTZ ne commercialise ni ne loue vos donn\u00e9es \u00e0 caract\u00e8re personnel \u00e0 des tiers. Les donn\u00e9es collect\u00e9es sont exclusivement destin\u00e9es \u00e0 Laura FRANTZ.<\/p><p>Vos donn\u00e9es personnelles ne seront pas conserv\u00e9es au-del\u00e0 de la dur\u00e9e n\u00e9cessaire \u00e0 la finalit\u00e9 de leur traitement.<\/p><p>Vous pouvez acc\u00e9der aux donn\u00e9es vous concernant, les rectifier, demander leur effacement ou exercer votre droit \u00e0 la limitation du traitement de vos donn\u00e9es.<\/p><p>Consultez le site <a href=\"http:\/\/cnil.fr\">cnil.fr<\/a> pour plus d\u2019informations sur vos droits.<\/p><p>Pour exercer ces droits ou pour toute question sur le traitement de vos donn\u00e9es dans ce dispositif, vous pouvez contacter Laura FRANTZ \u00e0 l\u2019adresse : <a href=\"mailto:hello@atelierterracotta.fr\">hello@atelierterracotta.fr<\/a>.<\/p><p>Si vous estimez, apr\u00e8s nous avoir contact\u00e9s, que vos droits \u201cInformatique et Libert\u00e9s\u201d ne sont pas respect\u00e9es, vous pouvez adresser une r\u00e9clamation \u00e0 la CNIL.<\/p><p><!-- notionvc: 8a903b09-211b-4d8e-840c-7ae0b28a8c5e --><\/p><p><!-- notionvc: 5ded53bd-1277-4b42-80e2-8d45cfcac385 --><\/p>\t\t\t\t\t\t\t\t<\/div>\n\t\t\t\t<\/div>\n\t\t\t\t\t<\/div>\n\t\t\t\t<\/div>\n\t\t\t\t<\/div>\n\t\t","protected":false},"excerpt":{"rendered":"<p>Politique de confidentialit\u00e9 &#8211; Gestion des donn\u00e9es personnelles Le R\u00e8glement g\u00e9n\u00e9ral sur la protection des donn\u00e9es (RGPD) est une nouvelle loi de protection des donn\u00e9es europ\u00e9enne exhaustive visant \u00e0 renforcer la protection des donn\u00e9es des particuliers au sein de l\u2019Union europ\u00e9enne (UE). Le terme \u00ab donn\u00e9es \u00e0 caract\u00e8re personnel \u00bb d\u00e9signe les informations personnelles qui [&hellip;]<\/p>\n","protected":false},"author":1,"featured_media":0,"parent":0,"menu_order":0,"comment_status":"closed","ping_status":"closed","template":"","meta":{"footnotes":""},"class_list":["post-2334","page","type-page","status-publish","hentry","entry"],"_links":{"self":[{"href":"https:\/\/www.atelierterracotta.fr\/index.php?rest_route=\/wp\/v2\/pages\/2334","targetHints":{"allow":["GET"]}}],"collection":[{"href":"https:\/\/www.atelierterracotta.fr\/index.php?rest_route=\/wp\/v2\/pages"}],"about":[{"href":"https:\/\/www.atelierterracotta.fr\/index.php?rest_route=\/wp\/v2\/types\/page"}],"author":[{"embeddable":true,"href":"https:\/\/www.atelierterracotta.fr\/index.php?rest_route=\/wp\/v2\/users\/1"}],"replies":[{"embeddable":true,"href":"https:\/\/www.atelierterracotta.fr\/index.php?rest_route=%2Fwp%2Fv2%2Fcomments&post=2334"}],"version-history":[{"count":4,"href":"https:\/\/www.atelierterracotta.fr\/index.php?rest_route=\/wp\/v2\/pages\/2334\/revisions"}],"predecessor-version":[{"id":2338,"href":"https:\/\/www.atelierterracotta.fr\/index.php?rest_route=\/wp\/v2\/pages\/2334\/revisions\/2338"}],"wp:attachment":[{"href":"https:\/\/www.atelierterracotta.fr\/index.php?rest_route=%2Fwp%2Fv2%2Fmedia&parent=2334"}],"curies":[{"name":"wp","href":"https:\/\/api.w.org\/{rel}","templated":true}]}}