{"id":2329,"date":"2024-10-31T12:25:31","date_gmt":"2024-10-31T11:25:31","guid":{"rendered":"https:\/\/www.atelierterracotta.fr\/?page_id=2329"},"modified":"2024-10-31T12:31:16","modified_gmt":"2024-10-31T11:31:16","slug":"mentions-legales","status":"publish","type":"page","link":"https:\/\/www.atelierterracotta.fr\/?page_id=2329","title":{"rendered":"Mentions l\u00e9gales"},"content":{"rendered":"\t\t<div data-elementor-type=\"wp-page\" data-elementor-id=\"2329\" class=\"elementor elementor-2329\" data-elementor-post-type=\"page\">\n\t\t\t\t<div class=\"elementor-element elementor-element-ec0b7c6 e-flex e-con-boxed e-con e-parent\" data-id=\"ec0b7c6\" data-element_type=\"container\">\n\t\t\t\t\t<div class=\"e-con-inner\">\n\t\t\t\t<div class=\"elementor-element elementor-element-b1d6800 elementor-widget elementor-widget-heading\" data-id=\"b1d6800\" data-element_type=\"widget\" data-widget_type=\"heading.default\">\n\t\t\t\t<div class=\"elementor-widget-container\">\n\t\t\t\t\t<h2 class=\"elementor-heading-title elementor-size-default\">Mentions l\u00e9gales<\/h2>\t\t\t\t<\/div>\n\t\t\t\t<\/div>\n\t\t\t\t<div class=\"elementor-element elementor-element-3136cf4 elementor-widget elementor-widget-text-editor\" data-id=\"3136cf4\" data-element_type=\"widget\" data-widget_type=\"text-editor.default\">\n\t\t\t\t<div class=\"elementor-widget-container\">\n\t\t\t\t\t\t\t\t\t<p><strong>Soci\u00e9t\u00e9 :<\/strong>&nbsp;Laura FRANTZ EI &#8211; Atelier Terracotta &#8211; marque d\u00e9pos\u00e9e<\/p>\n<p><strong>Num\u00e9ro de Siret :<\/strong>&nbsp;929 805 695 000 12<\/p>\n<p><strong>Immatriculation au R.C.S de Marseille<\/strong> : 929 805 695 R.C.S.<\/p>\n<p><strong>Nom du responsable et contact :<\/strong>&nbsp;FRANTZ LAURA &#8211; <a href=\"mailto:hello@atelierterracotta.fr\">hello@atelierterracotta.fr<\/a> &#8211; +33 (0)6 87 66 18 82<\/p>\n<p><strong>Adresse du si\u00e8ge social de la soci\u00e9t\u00e9 :<\/strong>&nbsp;66 chemin du vallon des Escourtines &#8211; 13011 Marseille<\/p>\n<p><strong>Cr\u00e9ateur :<\/strong> Laura FRANTZ<\/p>\n<p><strong>Directeur &#8211; \u00e9diteur et responsable de la publication et de la r\u00e9daction<\/strong> : Laura FRANTZ<\/p>\n<p><strong>Webmaster \/ Webdesign :<\/strong>&nbsp;Laura FRANTZ<\/p>\n<p><strong>Copyright &amp; Design Laura Frantz &#8211; Atelier Terracotta &#8211; Propuls\u00e9 par WordPress<\/strong><\/p>\n<p><strong>H\u00e9bergeur :<\/strong>&nbsp;Ce site est h\u00e9berg\u00e9 par OVH SAS 2 rue Kellermann &#8211; 59100 Roubaix &#8211; France<!-- notionvc: 5ded53bd-1277-4b42-80e2-8d45cfcac385 --><\/p>\t\t\t\t\t\t\t\t<\/div>\n\t\t\t\t<\/div>\n\t\t\t\t\t<\/div>\n\t\t\t\t<\/div>\n\t\t<div class=\"elementor-element elementor-element-d540043 e-flex e-con-boxed e-con e-parent\" data-id=\"d540043\" data-element_type=\"container\">\n\t\t\t\t\t<div class=\"e-con-inner\">\n\t\t\t\t<div class=\"elementor-element elementor-element-6c71f90 elementor-widget elementor-widget-spacer\" data-id=\"6c71f90\" data-element_type=\"widget\" data-widget_type=\"spacer.default\">\n\t\t\t\t<div class=\"elementor-widget-container\">\n\t\t\t\t\t\t\t<div class=\"elementor-spacer\">\n\t\t\t<div class=\"elementor-spacer-inner\"><\/div>\n\t\t<\/div>\n\t\t\t\t\t\t<\/div>\n\t\t\t\t<\/div>\n\t\t\t\t\t<\/div>\n\t\t\t\t<\/div>\n\t\t<div class=\"elementor-element elementor-element-a6879cb e-flex e-con-boxed e-con e-parent\" data-id=\"a6879cb\" data-element_type=\"container\">\n\t\t\t\t\t<div class=\"e-con-inner\">\n\t\t\t\t<div class=\"elementor-element elementor-element-cffaa8d elementor-widget elementor-widget-heading\" data-id=\"cffaa8d\" data-element_type=\"widget\" data-widget_type=\"heading.default\">\n\t\t\t\t<div class=\"elementor-widget-container\">\n\t\t\t\t\t<h2 class=\"elementor-heading-title elementor-size-default\">Propri\u00e9t\u00e9 intellectuelle et contrefa\u00e7ons<\/h2>\t\t\t\t<\/div>\n\t\t\t\t<\/div>\n\t\t\t\t<div class=\"elementor-element elementor-element-043162d elementor-widget elementor-widget-text-editor\" data-id=\"043162d\" data-element_type=\"widget\" data-widget_type=\"text-editor.default\">\n\t\t\t\t<div class=\"elementor-widget-container\">\n\t\t\t\t\t\t\t\t\t<p>Laura FRANTZ est propri\u00e9taire des droits de propri\u00e9t\u00e9 intellectuelle ou d\u00e9tient les droits d\u2019usage sur tous les \u00e9l\u00e9ments accessibles sur le site, notamment les textes, images, graphismes, logo, ic\u00f4nes, sons, logiciels.<\/p><p>Toute reproduction, repr\u00e9sentation, modification, publication, adaptation de tout ou partie des \u00e9l\u00e9ments du site, quel que soit le moyen ou le proc\u00e9d\u00e9 utilis\u00e9, est interdite, sauf autorisation \u00e9crite pr\u00e9alable de Laura FRANTZ.<\/p><p>Toute exploitation non autoris\u00e9e du site ou de l\u2019un des \u00e9l\u00e9ments quelconque qu\u2019il contient sera consid\u00e9r\u00e9e comme constitutive d\u2019une contrefa\u00e7on et poursuivie conform\u00e9ment aux dispositions des articles L.335-2 et suivants du Code de Propri\u00e9t\u00e9 Intellectuelle.<\/p><p><!-- notionvc: 5ded53bd-1277-4b42-80e2-8d45cfcac385 --><\/p>\t\t\t\t\t\t\t\t<\/div>\n\t\t\t\t<\/div>\n\t\t\t\t\t<\/div>\n\t\t\t\t<\/div>\n\t\t\t\t<\/div>\n\t\t","protected":false},"excerpt":{"rendered":"<p>Mentions l\u00e9gales Soci\u00e9t\u00e9 :&nbsp;Laura FRANTZ EI &#8211; Atelier Terracotta &#8211; marque d\u00e9pos\u00e9e Num\u00e9ro de Siret :&nbsp;929 805 695 000 12 Immatriculation au R.C.S de Marseille : 929 805 695 R.C.S. Nom du responsable et contact :&nbsp;FRANTZ LAURA &#8211; hello@atelierterracotta.fr &#8211; +33 (0)6 87 66 18 82 Adresse du si\u00e8ge social de la soci\u00e9t\u00e9 :&nbsp;66 chemin [&hellip;]<\/p>\n","protected":false},"author":1,"featured_media":0,"parent":0,"menu_order":0,"comment_status":"closed","ping_status":"closed","template":"","meta":{"footnotes":""},"class_list":["post-2329","page","type-page","status-publish","hentry","entry"],"_links":{"self":[{"href":"https:\/\/www.atelierterracotta.fr\/index.php?rest_route=\/wp\/v2\/pages\/2329","targetHints":{"allow":["GET"]}}],"collection":[{"href":"https:\/\/www.atelierterracotta.fr\/index.php?rest_route=\/wp\/v2\/pages"}],"about":[{"href":"https:\/\/www.atelierterracotta.fr\/index.php?rest_route=\/wp\/v2\/types\/page"}],"author":[{"embeddable":true,"href":"https:\/\/www.atelierterracotta.fr\/index.php?rest_route=\/wp\/v2\/users\/1"}],"replies":[{"embeddable":true,"href":"https:\/\/www.atelierterracotta.fr\/index.php?rest_route=%2Fwp%2Fv2%2Fcomments&post=2329"}],"version-history":[{"count":4,"href":"https:\/\/www.atelierterracotta.fr\/index.php?rest_route=\/wp\/v2\/pages\/2329\/revisions"}],"predecessor-version":[{"id":2333,"href":"https:\/\/www.atelierterracotta.fr\/index.php?rest_route=\/wp\/v2\/pages\/2329\/revisions\/2333"}],"wp:attachment":[{"href":"https:\/\/www.atelierterracotta.fr\/index.php?rest_route=%2Fwp%2Fv2%2Fmedia&parent=2329"}],"curies":[{"name":"wp","href":"https:\/\/api.w.org\/{rel}","templated":true}]}}